{"id":1063,"date":"2026-02-24T09:39:21","date_gmt":"2026-02-24T09:39:21","guid":{"rendered":"https:\/\/www.innerdance.no\/?page_id=1063"},"modified":"2026-03-10T13:42:52","modified_gmt":"2026-03-10T13:42:52","slug":"privacyverklaring","status":"publish","type":"page","link":"https:\/\/www.innerdance.no\/nl\/privacyverklaring\/","title":{"rendered":"Privacyverklaring"},"content":{"rendered":"<p>Laatst bijgewerkt: 24 februari 2026<\/p>\n\n\n\n<h2 class=\"wp-block-heading\">Welkom<\/h2>\n\n\n\n<p>Ik vind het belangrijk dat jij je veilig voelt, niet alleen tijdens sessies, maar ook in hoe jouw persoonlijke gegevens worden behandeld.<\/p>\n\n\n\n<p>In deze privacyverklaring leg ik op een heldere en eerlijke manier uit hoe ik met jouw gegevens omga.<\/p>\n\n\n\n<figure class=\"wp-block-image aligncenter size-large is-resized\"><img loading=\"lazy\" decoding=\"async\" width=\"1024\" height=\"683\" src=\"https:\/\/www.innerdance.no\/wp-content\/uploads\/2026\/02\/Vine-met-pastelkleurige-bladeren-en-sterren-1024x683.jpeg\" alt=\"\" class=\"wp-image-1027\" style=\"aspect-ratio:1.4992854967554525;width:187px;height:auto\" srcset=\"https:\/\/www.innerdance.no\/wp-content\/uploads\/2026\/02\/Vine-met-pastelkleurige-bladeren-en-sterren-1024x683.jpeg 1024w, https:\/\/www.innerdance.no\/wp-content\/uploads\/2026\/02\/Vine-met-pastelkleurige-bladeren-en-sterren-300x200.jpeg 300w, https:\/\/www.innerdance.no\/wp-content\/uploads\/2026\/02\/Vine-met-pastelkleurige-bladeren-en-sterren-2000x1333.jpeg 2000w, https:\/\/www.innerdance.no\/wp-content\/uploads\/2026\/02\/Vine-met-pastelkleurige-bladeren-en-sterren-scaled-18x12.jpeg 18w\" sizes=\"auto, (max-width: 1024px) 100vw, 1024px\" \/><\/figure>\n\n\n\n<h2 class=\"wp-block-heading\">Wie ben ik?<\/h2>\n\n\n\n<p>Mijn naam is Susanne van der Heijden-Coljee en ik werk vanuit Zuid Noorwegen met Innerdance en Spinaldance (Kundalini energy, KAP) sessies, trajecten en groepssessies.<\/p>\n\n\n\n<p>Ik ben verantwoordelijk voor de verwerking van jouw persoonsgegevens.<\/p>\n\n\n\n<p>Je kunt eenvoudig contact met mij opnemen via het <a href=\"https:\/\/www.innerdance.no\/nl\/kontaktskjema\/\" data-type=\"page\" data-id=\"136\">contactformulier<\/a> op mijn website.<\/p>\n\n\n\n<p>Ik kies er bewust voor om geen telefoonnummer of direct e-mailadres openbaar te delen. Dit helpt mij om mijn energie en aandacht te richten op mijn werk en de mensen die ik begeleid, zonder afleiding van ongewenste benaderingen.<\/p>\n\n\n\n<p>Wanneer je het contactformulier invult, neem ik met zorg en aandacht persoonlijk contact met je op.<\/p>\n\n\n\n<figure class=\"wp-block-image aligncenter size-large is-resized\"><img loading=\"lazy\" decoding=\"async\" width=\"1024\" height=\"683\" src=\"https:\/\/www.innerdance.no\/wp-content\/uploads\/2026\/02\/Vine-met-pastelkleurige-bladeren-en-sterren-1024x683.jpeg\" alt=\"\" class=\"wp-image-1027\" style=\"aspect-ratio:1.4992854967554525;width:187px;height:auto\" srcset=\"https:\/\/www.innerdance.no\/wp-content\/uploads\/2026\/02\/Vine-met-pastelkleurige-bladeren-en-sterren-1024x683.jpeg 1024w, https:\/\/www.innerdance.no\/wp-content\/uploads\/2026\/02\/Vine-met-pastelkleurige-bladeren-en-sterren-300x200.jpeg 300w, https:\/\/www.innerdance.no\/wp-content\/uploads\/2026\/02\/Vine-met-pastelkleurige-bladeren-en-sterren-2000x1333.jpeg 2000w, https:\/\/www.innerdance.no\/wp-content\/uploads\/2026\/02\/Vine-met-pastelkleurige-bladeren-en-sterren-scaled-18x12.jpeg 18w\" sizes=\"auto, (max-width: 1024px) 100vw, 1024px\" \/><\/figure>\n\n\n\n<h2 class=\"wp-block-heading\">De wetgeving die ik volg<\/h2>\n\n\n\n<p>Ik werk volgens de Europese privacywetgeving (GDPR\/AVG), zoals deze in Noorwegen is vastgelegd in de Personopplysningsloven.<\/p>\n\n\n\n<figure class=\"wp-block-image aligncenter size-large is-resized\"><img loading=\"lazy\" decoding=\"async\" width=\"1024\" height=\"683\" src=\"https:\/\/www.innerdance.no\/wp-content\/uploads\/2026\/02\/Vine-met-pastelkleurige-bladeren-en-sterren-1024x683.jpeg\" alt=\"\" class=\"wp-image-1027\" style=\"aspect-ratio:1.4992854967554525;width:187px;height:auto\" srcset=\"https:\/\/www.innerdance.no\/wp-content\/uploads\/2026\/02\/Vine-met-pastelkleurige-bladeren-en-sterren-1024x683.jpeg 1024w, https:\/\/www.innerdance.no\/wp-content\/uploads\/2026\/02\/Vine-met-pastelkleurige-bladeren-en-sterren-300x200.jpeg 300w, https:\/\/www.innerdance.no\/wp-content\/uploads\/2026\/02\/Vine-met-pastelkleurige-bladeren-en-sterren-2000x1333.jpeg 2000w, https:\/\/www.innerdance.no\/wp-content\/uploads\/2026\/02\/Vine-met-pastelkleurige-bladeren-en-sterren-scaled-18x12.jpeg 18w\" sizes=\"auto, (max-width: 1024px) 100vw, 1024px\" \/><\/figure>\n\n\n\n<h2 class=\"wp-block-heading\">Welke gegevens ik verzamel<\/h2>\n\n\n\n<p>Ik verzamel alleen gegevens die echt nodig zijn om jou goed te kunnen begeleiden.<\/p>\n\n\n\n<p>Dit kan zijn:<\/p>\n\n\n\n<p>\u2728 Je naam, e-mailadres, telefoonnummer;<\/p>\n\n\n\n<p>\u2728 Je geboortedatum;<\/p>\n\n\n\n<p>\u2728 Eventuele adresgegevens (voor facturatie);<\/p>\n\n\n\n<p>\u2728 Informatie die jij vrijwillig met mij deelt tijdens sessies;<\/p>\n\n\n\n<p>\u2728 Betalingsgegevens;<\/p>\n\n\n\n<p>\u2728 Basis websitegegevens (zoals IP-adres via cookies);<\/p>\n\n\n\n<figure class=\"wp-block-image aligncenter size-large is-resized\"><img loading=\"lazy\" decoding=\"async\" width=\"1024\" height=\"683\" src=\"https:\/\/www.innerdance.no\/wp-content\/uploads\/2026\/02\/Vine-met-pastelkleurige-bladeren-en-sterren-1024x683.jpeg\" alt=\"\" class=\"wp-image-1027\" style=\"aspect-ratio:1.4992854967554525;width:187px;height:auto\" srcset=\"https:\/\/www.innerdance.no\/wp-content\/uploads\/2026\/02\/Vine-met-pastelkleurige-bladeren-en-sterren-1024x683.jpeg 1024w, https:\/\/www.innerdance.no\/wp-content\/uploads\/2026\/02\/Vine-met-pastelkleurige-bladeren-en-sterren-300x200.jpeg 300w, https:\/\/www.innerdance.no\/wp-content\/uploads\/2026\/02\/Vine-met-pastelkleurige-bladeren-en-sterren-2000x1333.jpeg 2000w, https:\/\/www.innerdance.no\/wp-content\/uploads\/2026\/02\/Vine-met-pastelkleurige-bladeren-en-sterren-scaled-18x12.jpeg 18w\" sizes=\"auto, (max-width: 1024px) 100vw, 1024px\" \/><\/figure>\n\n\n\n<h2 class=\"wp-block-heading\">Waarom ik jouw gegevens gebruik<\/h2>\n\n\n\n<p>Ik gebruik jouw gegevens met aandacht en respect, en alleen voor:<\/p>\n\n\n\n<p>\u2728 Het plannen en begeleiden van jouw sessies;<\/p>\n\n\n\n<p>\u2728 Contact met je opnemen;<\/p>\n\n\n\n<p>\u2728 Administratie en facturatie;<\/p>\n\n\n\n<p>\u2728 Het delen van inspiratie of updates (alleen als jij je daarvoor aanmeldt via de nieuwsbrief);<\/p>\n\n\n\n<p>\u2728 Het verbeteren van mijn website en aanbod;<\/p>\n\n\n\n<figure class=\"wp-block-image aligncenter size-large is-resized\"><img loading=\"lazy\" decoding=\"async\" width=\"1024\" height=\"683\" src=\"https:\/\/www.innerdance.no\/wp-content\/uploads\/2026\/02\/Vine-met-pastelkleurige-bladeren-en-sterren-1024x683.jpeg\" alt=\"\" class=\"wp-image-1027\" style=\"aspect-ratio:1.4992854967554525;width:187px;height:auto\" srcset=\"https:\/\/www.innerdance.no\/wp-content\/uploads\/2026\/02\/Vine-met-pastelkleurige-bladeren-en-sterren-1024x683.jpeg 1024w, https:\/\/www.innerdance.no\/wp-content\/uploads\/2026\/02\/Vine-met-pastelkleurige-bladeren-en-sterren-300x200.jpeg 300w, https:\/\/www.innerdance.no\/wp-content\/uploads\/2026\/02\/Vine-met-pastelkleurige-bladeren-en-sterren-2000x1333.jpeg 2000w, https:\/\/www.innerdance.no\/wp-content\/uploads\/2026\/02\/Vine-met-pastelkleurige-bladeren-en-sterren-scaled-18x12.jpeg 18w\" sizes=\"auto, (max-width: 1024px) 100vw, 1024px\" \/><\/figure>\n\n\n\n<h2 class=\"wp-block-heading\">Over persoonlijke en gevoelige informatie<\/h2>\n\n\n\n<p>Tijdens sessies kan er ruimte ontstaan om persoonlijke of gevoelige informatie te delen.<\/p>\n\n\n\n<p>Alles wat jij deelt, blijft vertrouwelijk.<\/p>\n\n\n\n<p>Ik gebruik deze informatie alleen om jou zo goed mogelijk te begeleiden en zal dit nooit zonder jouw toestemming met anderen delen.<\/p>\n\n\n\n<figure class=\"wp-block-image aligncenter size-large is-resized\"><img loading=\"lazy\" decoding=\"async\" width=\"1024\" height=\"683\" src=\"https:\/\/www.innerdance.no\/wp-content\/uploads\/2026\/02\/Vine-met-pastelkleurige-bladeren-en-sterren-1024x683.jpeg\" alt=\"\" class=\"wp-image-1027\" style=\"aspect-ratio:1.4992854967554525;width:187px;height:auto\" srcset=\"https:\/\/www.innerdance.no\/wp-content\/uploads\/2026\/02\/Vine-met-pastelkleurige-bladeren-en-sterren-1024x683.jpeg 1024w, https:\/\/www.innerdance.no\/wp-content\/uploads\/2026\/02\/Vine-met-pastelkleurige-bladeren-en-sterren-300x200.jpeg 300w, https:\/\/www.innerdance.no\/wp-content\/uploads\/2026\/02\/Vine-met-pastelkleurige-bladeren-en-sterren-2000x1333.jpeg 2000w, https:\/\/www.innerdance.no\/wp-content\/uploads\/2026\/02\/Vine-met-pastelkleurige-bladeren-en-sterren-scaled-18x12.jpeg 18w\" sizes=\"auto, (max-width: 1024px) 100vw, 1024px\" \/><\/figure>\n\n\n\n<h2 class=\"wp-block-heading\">Hoe lang ik jouw gegevens bewaar<\/h2>\n\n\n\n<p>Ik bewaar jouw gegevens niet langer dan nodig is:<\/p>\n\n\n\n<p>\u2728 Administratie: tot 5 jaar (zoals wettelijk verplicht in Noorwegen);<\/p>\n\n\n\n<p>\u2728 Sessienotities: maximaal 2 jaar;<\/p>\n\n\n\n<p>\u2728 Nieuwsbrief: totdat jij je uitschrijft;<\/p>\n\n\n\n<figure class=\"wp-block-image aligncenter size-large is-resized\"><img loading=\"lazy\" decoding=\"async\" width=\"1024\" height=\"683\" src=\"https:\/\/www.innerdance.no\/wp-content\/uploads\/2026\/02\/Vine-met-pastelkleurige-bladeren-en-sterren-1024x683.jpeg\" alt=\"\" class=\"wp-image-1027\" style=\"aspect-ratio:1.4992854967554525;width:187px;height:auto\" srcset=\"https:\/\/www.innerdance.no\/wp-content\/uploads\/2026\/02\/Vine-met-pastelkleurige-bladeren-en-sterren-1024x683.jpeg 1024w, https:\/\/www.innerdance.no\/wp-content\/uploads\/2026\/02\/Vine-met-pastelkleurige-bladeren-en-sterren-300x200.jpeg 300w, https:\/\/www.innerdance.no\/wp-content\/uploads\/2026\/02\/Vine-met-pastelkleurige-bladeren-en-sterren-2000x1333.jpeg 2000w, https:\/\/www.innerdance.no\/wp-content\/uploads\/2026\/02\/Vine-met-pastelkleurige-bladeren-en-sterren-scaled-18x12.jpeg 18w\" sizes=\"auto, (max-width: 1024px) 100vw, 1024px\" \/><\/figure>\n\n\n\n<h2 class=\"wp-block-heading\">Delen met anderen<\/h2>\n\n\n\n<p>Ik verkoop jouw gegevens nooit.<\/p>\n\n\n\n<p>Soms werk ik samen met andere partijen (zoals een boekhouder of betaalprovider), maar alleen wanneer dit nodig is en altijd met zorg voor jouw privacy.<\/p>\n\n\n\n<figure class=\"wp-block-image aligncenter size-large is-resized\"><img loading=\"lazy\" decoding=\"async\" width=\"1024\" height=\"683\" src=\"https:\/\/www.innerdance.no\/wp-content\/uploads\/2026\/02\/Vine-met-pastelkleurige-bladeren-en-sterren-1024x683.jpeg\" alt=\"\" class=\"wp-image-1027\" style=\"aspect-ratio:1.4992854967554525;width:187px;height:auto\" srcset=\"https:\/\/www.innerdance.no\/wp-content\/uploads\/2026\/02\/Vine-met-pastelkleurige-bladeren-en-sterren-1024x683.jpeg 1024w, https:\/\/www.innerdance.no\/wp-content\/uploads\/2026\/02\/Vine-met-pastelkleurige-bladeren-en-sterren-300x200.jpeg 300w, https:\/\/www.innerdance.no\/wp-content\/uploads\/2026\/02\/Vine-met-pastelkleurige-bladeren-en-sterren-2000x1333.jpeg 2000w, https:\/\/www.innerdance.no\/wp-content\/uploads\/2026\/02\/Vine-met-pastelkleurige-bladeren-en-sterren-scaled-18x12.jpeg 18w\" sizes=\"auto, (max-width: 1024px) 100vw, 1024px\" \/><\/figure>\n\n\n\n<h2 class=\"wp-block-heading\">8. Cookies<\/h2>\n\n\n\n<p>Mijn website gebruikt mogelijk cookies om goed te functioneren en om inzicht te krijgen in gebruik.<\/p>\n\n\n\n<p>Waar nodig vraag ik hiervoor jouw toestemming.<\/p>\n\n\n\n<figure class=\"wp-block-image aligncenter size-large is-resized\"><img loading=\"lazy\" decoding=\"async\" width=\"1024\" height=\"683\" src=\"https:\/\/www.innerdance.no\/wp-content\/uploads\/2026\/02\/Vine-met-pastelkleurige-bladeren-en-sterren-1024x683.jpeg\" alt=\"\" class=\"wp-image-1027\" style=\"aspect-ratio:1.4992854967554525;width:187px;height:auto\" srcset=\"https:\/\/www.innerdance.no\/wp-content\/uploads\/2026\/02\/Vine-met-pastelkleurige-bladeren-en-sterren-1024x683.jpeg 1024w, https:\/\/www.innerdance.no\/wp-content\/uploads\/2026\/02\/Vine-met-pastelkleurige-bladeren-en-sterren-300x200.jpeg 300w, https:\/\/www.innerdance.no\/wp-content\/uploads\/2026\/02\/Vine-met-pastelkleurige-bladeren-en-sterren-2000x1333.jpeg 2000w, https:\/\/www.innerdance.no\/wp-content\/uploads\/2026\/02\/Vine-met-pastelkleurige-bladeren-en-sterren-scaled-18x12.jpeg 18w\" sizes=\"auto, (max-width: 1024px) 100vw, 1024px\" \/><\/figure>\n\n\n\n<h2 class=\"wp-block-heading\">Jouw rechten<\/h2>\n\n\n\n<p>Jij blijft altijd eigenaar van jouw gegevens.<\/p>\n\n\n\n<p>Je hebt het recht om:<\/p>\n\n\n\n<p>\u2728 Je gegevens in te zien;<\/p>\n\n\n\n<p>\u2728 Ze te laten aanpassen of verwijderen;<\/p>\n\n\n\n<p>\u2728 Je toestemming in te trekken;<\/p>\n\n\n\n<p>\u2728 Bezwaar te maken;<\/p>\n\n\n\n<p>Je kunt me hiervoor gewoon een bericht sturen.<\/p>\n\n\n\n<p>Daarnaast kun je, als dat nodig voelt, contact opnemen met de Datatilsynet.<\/p>\n\n\n\n<figure class=\"wp-block-image aligncenter size-large is-resized\"><img loading=\"lazy\" decoding=\"async\" width=\"1024\" height=\"683\" src=\"https:\/\/www.innerdance.no\/wp-content\/uploads\/2026\/02\/Vine-met-pastelkleurige-bladeren-en-sterren-1024x683.jpeg\" alt=\"\" class=\"wp-image-1027\" style=\"aspect-ratio:1.4992854967554525;width:187px;height:auto\" srcset=\"https:\/\/www.innerdance.no\/wp-content\/uploads\/2026\/02\/Vine-met-pastelkleurige-bladeren-en-sterren-1024x683.jpeg 1024w, https:\/\/www.innerdance.no\/wp-content\/uploads\/2026\/02\/Vine-met-pastelkleurige-bladeren-en-sterren-300x200.jpeg 300w, https:\/\/www.innerdance.no\/wp-content\/uploads\/2026\/02\/Vine-met-pastelkleurige-bladeren-en-sterren-2000x1333.jpeg 2000w, https:\/\/www.innerdance.no\/wp-content\/uploads\/2026\/02\/Vine-met-pastelkleurige-bladeren-en-sterren-scaled-18x12.jpeg 18w\" sizes=\"auto, (max-width: 1024px) 100vw, 1024px\" \/><\/figure>\n\n\n\n<h2 class=\"wp-block-heading\">Beveiliging<\/h2>\n\n\n\n<p>Ik doe er alles aan om jouw gegevens zorgvuldig te beschermen en veilig te bewaren.<\/p>\n\n\n\n<figure class=\"wp-block-image aligncenter size-large is-resized\"><img loading=\"lazy\" decoding=\"async\" width=\"1024\" height=\"683\" src=\"https:\/\/www.innerdance.no\/wp-content\/uploads\/2026\/02\/Vine-met-pastelkleurige-bladeren-en-sterren-1024x683.jpeg\" alt=\"\" class=\"wp-image-1027\" style=\"aspect-ratio:1.4992854967554525;width:187px;height:auto\" srcset=\"https:\/\/www.innerdance.no\/wp-content\/uploads\/2026\/02\/Vine-met-pastelkleurige-bladeren-en-sterren-1024x683.jpeg 1024w, https:\/\/www.innerdance.no\/wp-content\/uploads\/2026\/02\/Vine-met-pastelkleurige-bladeren-en-sterren-300x200.jpeg 300w, https:\/\/www.innerdance.no\/wp-content\/uploads\/2026\/02\/Vine-met-pastelkleurige-bladeren-en-sterren-2000x1333.jpeg 2000w, https:\/\/www.innerdance.no\/wp-content\/uploads\/2026\/02\/Vine-met-pastelkleurige-bladeren-en-sterren-scaled-18x12.jpeg 18w\" sizes=\"auto, (max-width: 1024px) 100vw, 1024px\" \/><\/figure>\n\n\n\n<h2 class=\"wp-block-heading\">Tot slot<\/h2>\n\n\n\n<p>Voor mij gaat privacy verder dan alleen wet- en regelgeving. Het raakt aan vertrouwen, aan veiligheid, en aan de ruimte waarin jij volledig jezelf mag zijn.<\/p>\n\n\n\n<p>Alles wat jij met mij deelt, in woorden, in energie, of juist in stilte, wordt met zorg, respect en integriteit ontvangen. Ik zie het als mijn verantwoordelijkheid om een veilige bedding te cre\u00ebren, niet alleen tijdens de sessies, maar ook in hoe ik met jouw gegevens en jouw verhaal omga.<\/p>\n\n\n\n<p>Jouw openheid verdient bescherming. Daarom ga ik bewust, zorgvuldig en vertrouwelijk om met alles wat je met mij deelt, zodat jij je gedragen en veilig kunt voelen in dit proces.<\/p>\n\n\n\n<figure class=\"wp-block-image aligncenter size-large is-resized\"><img loading=\"lazy\" decoding=\"async\" width=\"1024\" height=\"683\" src=\"https:\/\/www.innerdance.no\/wp-content\/uploads\/2026\/02\/Vine-met-pastelkleurige-bladeren-en-sterren-1024x683.jpeg\" alt=\"\" class=\"wp-image-1027\" style=\"aspect-ratio:1.4992854967554525;width:187px;height:auto\" srcset=\"https:\/\/www.innerdance.no\/wp-content\/uploads\/2026\/02\/Vine-met-pastelkleurige-bladeren-en-sterren-1024x683.jpeg 1024w, https:\/\/www.innerdance.no\/wp-content\/uploads\/2026\/02\/Vine-met-pastelkleurige-bladeren-en-sterren-300x200.jpeg 300w, https:\/\/www.innerdance.no\/wp-content\/uploads\/2026\/02\/Vine-met-pastelkleurige-bladeren-en-sterren-2000x1333.jpeg 2000w, https:\/\/www.innerdance.no\/wp-content\/uploads\/2026\/02\/Vine-met-pastelkleurige-bladeren-en-sterren-scaled-18x12.jpeg 18w\" sizes=\"auto, (max-width: 1024px) 100vw, 1024px\" \/><\/figure>\n\n\n\n<h2 class=\"wp-block-heading\">12. Disclaimer<\/h2>\n\n\n\n<p>Door deel te nemen aan een Innerdance sessie bevestig je dat je de onderstaande disclaimer hebt gelezen en geaccepteerd.<\/p>\n\n\n\n<p>Innerdance is niet wetenschappelijk onderzocht of op enige wijze bewezen. Alle resultaten en ervaringen zijn uitsluitend gebaseerd op persoonlijke beleving. Innerdance kan zowel fysieke bewegingen oproepen als bijdragen aan een gevoel van mentaal, fysiek en emotioneel welzijn. Zoals bij elke (fysieke) activiteit bestaat er altijd een risico op letsel, en dit kan niet volledig worden uitgesloten.<\/p>\n\n\n\n<p>Luister altijd naar je lichaam en vraag indien nodig om ondersteuning van de facilitator. Je bent zelf verantwoordelijk voor eventuele schade of letsel die kan ontstaan als gevolg van deelname.<\/p>\n\n\n\n<p>Innerdance is geen vervanging voor medische of psychologische behandeling, onderzoek, diagnose of therapie. De sessies worden niet aanbevolen en zijn niet geschikt voor mensen met ernstige mentale instabiliteit, manie of psychose. Daarnaast wordt deelname tijdens zwangerschap afgeraden. Door deel te nemen aan een sessie bevestig je dat je in een goede fysieke en mentale gezondheid bent en in staat bent om deel te nemen.<\/p>\n\n\n\n<p>Door deelname doe je onherroepelijk afstand van eventuele huidige of toekomstige claims tegen Innerdance of een van de facilitators.<\/p>\n\n\n\n<p>Je gegevens worden uitsluitend gebruikt voor communicatie met betrekking tot Innerdance.<\/p>\n\n\n\n<figure class=\"wp-block-image aligncenter size-large is-resized\"><img loading=\"lazy\" decoding=\"async\" width=\"1024\" height=\"683\" src=\"https:\/\/www.innerdance.no\/wp-content\/uploads\/2026\/03\/Tekst-Dare-1-1024x683.png\" alt=\"\" class=\"wp-image-1154\" style=\"aspect-ratio:1.4992854967554525;width:544px;height:auto\" srcset=\"https:\/\/www.innerdance.no\/wp-content\/uploads\/2026\/03\/Tekst-Dare-1-1024x683.png 1024w, https:\/\/www.innerdance.no\/wp-content\/uploads\/2026\/03\/Tekst-Dare-1-300x200.png 300w, https:\/\/www.innerdance.no\/wp-content\/uploads\/2026\/03\/Tekst-Dare-1-18x12.png 18w, https:\/\/www.innerdance.no\/wp-content\/uploads\/2026\/03\/Tekst-Dare-1.png 1536w\" sizes=\"auto, (max-width: 1024px) 100vw, 1024px\" \/><\/figure>","protected":false},"excerpt":{"rendered":"<p>Sist oppdatert: 24. februar 2026 Velkommen Jeg synes det er viktig at du f\u00f8ler deg trygg, ikke bare under \u00f8kter, men ogs\u00e5 i hvordan dine personopplysninger blir behandlet. I denne personvernerkl\u00e6ringen forklarer jeg p\u00e5 en klar og \u00e6rlig m\u00e5te hvordan jeg h\u00e5ndterer dine opplysninger. 1. Hvem er jeg? Mitt navn er Susanne van der Heijden-Coljee, &hellip; <\/p>\n<p class=\"link-more\"><a href=\"https:\/\/www.innerdance.no\/nl\/privacyverklaring\/\" class=\"more-link\">Lees meer<span class=\"screen-reader-text\"> &laquo;Personvernerkl\u00e6ring&raquo;<\/span><\/a><\/p>","protected":false},"author":1,"featured_media":760,"parent":0,"menu_order":0,"comment_status":"closed","ping_status":"closed","template":"","meta":{"inspiro_hide_title":false,"footnotes":""},"class_list":["post-1063","page","type-page","status-publish","has-post-thumbnail","hentry"],"jetpack_sharing_enabled":true,"_links":{"self":[{"href":"https:\/\/www.innerdance.no\/nl\/wp-json\/wp\/v2\/pages\/1063","targetHints":{"allow":["GET"]}}],"collection":[{"href":"https:\/\/www.innerdance.no\/nl\/wp-json\/wp\/v2\/pages"}],"about":[{"href":"https:\/\/www.innerdance.no\/nl\/wp-json\/wp\/v2\/types\/page"}],"author":[{"embeddable":true,"href":"https:\/\/www.innerdance.no\/nl\/wp-json\/wp\/v2\/users\/1"}],"replies":[{"embeddable":true,"href":"https:\/\/www.innerdance.no\/nl\/wp-json\/wp\/v2\/comments?post=1063"}],"version-history":[{"count":18,"href":"https:\/\/www.innerdance.no\/nl\/wp-json\/wp\/v2\/pages\/1063\/revisions"}],"predecessor-version":[{"id":1155,"href":"https:\/\/www.innerdance.no\/nl\/wp-json\/wp\/v2\/pages\/1063\/revisions\/1155"}],"wp:featuredmedia":[{"embeddable":true,"href":"https:\/\/www.innerdance.no\/nl\/wp-json\/wp\/v2\/media\/760"}],"wp:attachment":[{"href":"https:\/\/www.innerdance.no\/nl\/wp-json\/wp\/v2\/media?parent=1063"}],"curies":[{"name":"wp","href":"https:\/\/api.w.org\/{rel}","templated":true}]}}