{"id":6,"date":"2025-03-12T09:41:46","date_gmt":"2025-03-12T09:41:46","guid":{"rendered":"https:\/\/www.innerdance.no\/?page_id=6"},"modified":"2026-02-23T10:49:32","modified_gmt":"2026-02-23T10:49:32","slug":"innerdance-nrgy","status":"publish","type":"page","link":"https:\/\/www.innerdance.no\/nl\/","title":{"rendered":"Hovedside"},"content":{"rendered":"\n<p class=\"has-text-align-left\" style=\"border-top-left-radius:0px;border-top-right-radius:0px;border-bottom-left-radius:0px;border-bottom-right-radius:0px;margin-right:var(--wp--preset--spacing--x-large);margin-left:var(--wp--preset--spacing--x-large)\">Hvordan hadde verden din sett ut hvis du var i fullstendig kontakt med deg selv? Uten at du trenger \u00e5 v\u00e6re noe annet enn den du er, med en indre tilfredshet og ro i livet ditt.<\/p>\n\n\n\n<p class=\"has-text-align-left\" style=\"margin-right:var(--wp--preset--spacing--x-large);margin-left:var(--wp--preset--spacing--x-large)\">Vi har l\u00e6rt \u00e5 leve oppe i hodet v\u00e5rt, \u00e5 tilpasse oss etter omverdens forventninger og \u00e5 ikke kjenne etter hva som virkelig skjer i kroppen v\u00e5r. Kanskje du har opplevd ting du ikke fikk bearbeidet ordentlig, og derfor l\u00e6rte deg \u00e5 bare fortsette, selv om du egentlig trengte \u00e5 stoppe opp litt. Slik mister vi gradvis forbindelsen med v\u00e5r selv og energifeltet. <\/p>\n\n\n\n<p class=\"has-text-align-left\" style=\"margin-right:var(--wp--preset--spacing--x-large);margin-left:var(--wp--preset--spacing--x-large)\">Det fine er: den forbindelsen er der fortsatt! Alt du trenger finnes allerede i deg. Du trenger bare \u00e5 huske det, kjenne etter og tillate deg \u00e5 v\u00e6re fullt til stede, slik at forbindelsen gjenopprettes.<\/p>\n\n\n\n<p class=\"has-text-align-left\" style=\"margin-right:var(--wp--preset--spacing--x-large);margin-left:var(--wp--preset--spacing--x-large)\">Innerdance inviterer deg til \u00e5 gjenopprette forbindelsen med deg selv og energifeltet.<\/p>\n\n\n\n<div class=\"wp-block-columns is-layout-flex wp-container-core-columns-is-layout-28f84493 wp-block-columns-is-layout-flex\">\n<div class=\"wp-block-column is-layout-flow wp-block-column-is-layout-flow\" style=\"flex-basis:100%\">\n<div class=\"wp-block-cover aligncenter is-light has-secondary-color has-text-color has-link-color wp-elements-18a4b476bced9a3b9d09205669e5e08e wp-duotone-d9d9d9-ffffff-1\" style=\"border-style:none;border-width:0px;border-top-left-radius:0px;border-top-right-radius:0px;border-bottom-left-radius:0px;border-bottom-right-radius:0px;padding-right:0;padding-left:0;min-height:226px;aspect-ratio:unset;\"><img loading=\"lazy\" decoding=\"async\" width=\"1750\" height=\"265\" class=\"wp-block-cover__image-background wp-image-737 size-full\" alt=\"\" src=\"https:\/\/www.innerdance.no\/wp-content\/uploads\/2026\/02\/Innerdance-groot-homepage-e1771145213464.png\" data-object-fit=\"cover\" srcset=\"https:\/\/www.innerdance.no\/wp-content\/uploads\/2026\/02\/Innerdance-groot-homepage-e1771145213464.png 1750w, https:\/\/www.innerdance.no\/wp-content\/uploads\/2026\/02\/Innerdance-groot-homepage-e1771145213464-300x45.png 300w, https:\/\/www.innerdance.no\/wp-content\/uploads\/2026\/02\/Innerdance-groot-homepage-e1771145213464-1024x155.png 1024w, https:\/\/www.innerdance.no\/wp-content\/uploads\/2026\/02\/Innerdance-groot-homepage-e1771145213464-18x3.png 18w, https:\/\/www.innerdance.no\/wp-content\/uploads\/2026\/02\/Innerdance-groot-homepage-e1771145213464-768x116.png 768w, https:\/\/www.innerdance.no\/wp-content\/uploads\/2026\/02\/Innerdance-groot-homepage-e1771145213464-100x15.png 100w, https:\/\/www.innerdance.no\/wp-content\/uploads\/2026\/02\/Innerdance-groot-homepage-e1771145213464-1536x233.png 1536w\" sizes=\"auto, (max-width: 1750px) 100vw, 1750px\" \/><span aria-hidden=\"true\" class=\"wp-block-cover__background has-background-dim\" style=\"background-color:#f9f8f7\"><\/span><div class=\"wp-block-cover__inner-container has-global-padding is-layout-constrained wp-container-core-cover-is-layout-7db9d80f wp-block-cover-is-layout-constrained\">\n<div class=\"wp-block-columns is-layout-flex wp-container-core-columns-is-layout-28f84493 wp-block-columns-is-layout-flex\">\n<div class=\"wp-block-column is-layout-flow wp-block-column-is-layout-flow\">\n<p class=\"has-text-align-center\">\u2728 <strong>Mer balanse og energi<\/strong><\/p>\n\n\n\n<p class=\"has-text-align-center\">\u2728 <strong>Indre ro og tillit<\/strong><\/p>\n\n\n\n<p class=\"has-text-align-center\">\u2728 <strong>Dypere forbindelse<\/strong><\/p>\n<\/div>\n\n\n\n<div class=\"wp-block-column is-layout-flow wp-block-column-is-layout-flow\">\n<p class=\"has-text-align-center\">\u2728 <strong>Positive livsvalg<\/strong><\/p>\n\n\n\n<p class=\"has-text-align-center\">\u2728 <strong>Kreativ flyt<\/strong><\/p>\n\n\n\n<p class=\"has-text-align-center\">\u2728 <strong>\u00c5ndelig vekst<\/strong><\/p>\n<\/div>\n<\/div>\n<\/div><\/div>\n<\/div>\n<\/div>\n\n\n\n<p class=\"has-text-align-left\" style=\"margin-right:var(--wp--preset--spacing--x-large);margin-left:var(--wp--preset--spacing--x-large)\">Innerdance sesjoner tilbys med kj\u00e6rlighet i gruppeform, hvor du kan bevege deg med energien i gruppen og f\u00f8le deg st\u00f8ttet av feltet som oppst\u00e5r sammen, <a href=\"https:\/\/www.innerdance.no\/innerdance-nrgy-2\/\" data-type=\"page\" data-id=\"41\">mer informasjon;<\/a><\/p>\n\n\n\n<p class=\"has-text-align-left\" style=\"margin-right:var(--wp--preset--spacing--x-large);margin-left:var(--wp--preset--spacing--x-large)\">Men kanskje f\u00f8ler du et \u00f8nske om mer personlig rom, eller en dypere tilpasning til din egen prosess. <a href=\"https:\/\/www.innerdance.no\/spinal-nrgy\/\" data-type=\"page\" data-id=\"555\">Spinaldance<\/a> er en dyp, privat opplevelse der du kan \u00e5pne deg helt i ditt eget tempo. Alene, hvis du har behov for full oppmerksomhet og trygghet.<\/p>\n\n\n\n<p class=\"has-text-align-left has-tertiary-color has-text-color has-link-color has-x-small-font-size wp-elements-1186ec484a94d2ff1124d3b2dfdd2188\" style=\"margin-right:var(--wp--preset--spacing--x-large);margin-left:var(--wp--preset--spacing--x-large)\">Arbeidsmetoden til Innerdance er basert p\u00e5 den kj\u00e6rlige l\u00e6ren og visdom fra: Nadia van Raam (Nadirama), Dr Eric Pearl (The Reconnection), Pi Villaraza (Innerdance) og Venant Wong (KAP);<\/p>\n\n\n\n<div class=\"wp-block-cover is-light wp-duotone-6c6c77-ffffff-2\"><img loading=\"lazy\" decoding=\"async\" width=\"1024\" height=\"435\" class=\"wp-block-cover__image-background wp-image-760 size-large\" alt=\"\" src=\"https:\/\/www.innerdance.no\/wp-content\/uploads\/2026\/02\/Innerdance-groot-homepage-1-e1771148269233-1024x435.png\" data-object-fit=\"cover\" srcset=\"https:\/\/www.innerdance.no\/wp-content\/uploads\/2026\/02\/Innerdance-groot-homepage-1-e1771148269233-1024x435.png 1024w, https:\/\/www.innerdance.no\/wp-content\/uploads\/2026\/02\/Innerdance-groot-homepage-1-e1771148269233-300x128.png 300w, https:\/\/www.innerdance.no\/wp-content\/uploads\/2026\/02\/Innerdance-groot-homepage-1-e1771148269233-18x8.png 18w, https:\/\/www.innerdance.no\/wp-content\/uploads\/2026\/02\/Innerdance-groot-homepage-1-e1771148269233-768x327.png 768w, https:\/\/www.innerdance.no\/wp-content\/uploads\/2026\/02\/Innerdance-groot-homepage-1-e1771148269233-100x43.png 100w, https:\/\/www.innerdance.no\/wp-content\/uploads\/2026\/02\/Innerdance-groot-homepage-1-e1771148269233-1536x653.png 1536w, https:\/\/www.innerdance.no\/wp-content\/uploads\/2026\/02\/Innerdance-groot-homepage-1-e1771148269233.png 1750w\" sizes=\"auto, (max-width: 1024px) 100vw, 1024px\" \/><span aria-hidden=\"true\" class=\"wp-block-cover__background has-background-dim\" style=\"background-color:#f9f5f3\"><\/span><div class=\"wp-block-cover__inner-container has-global-padding is-layout-constrained wp-block-cover-is-layout-constrained\">\n<h2 class=\"wp-block-heading has-text-align-center has-secondary-color has-text-color has-link-color has-large-font-size wp-elements-d91e433fcc7b34d540b91d426814598a\" style=\"margin-right:var(--wp--preset--spacing--x-large);margin-left:var(--wp--preset--spacing--x-large)\">Hva sier folk etter en sesjon\u2026.<\/h2>\n\n\n\n<p class=\"has-text-align-center has-secondary-color has-text-color has-link-color wp-elements-d00fb01e4e548799d5b6c78aebb070ff\" style=\"margin-right:var(--wp--preset--spacing--x-large);margin-left:var(--wp--preset--spacing--x-large)\">\u201cJeg var skeptisk og f\u00f8lte normalt ingen energi. Under sesjoner \u00e5pent en verden seg for meg\u201d.<\/p>\n\n\n\n<p class=\"has-text-align-center has-secondary-color has-text-color has-link-color wp-elements-8cf24701260277071bbf1ff2fc5cd1ff\" style=\"margin-right:var(--wp--preset--spacing--x-large);margin-left:var(--wp--preset--spacing--x-large)\">\u201cKvelden ble skapt med mye kj\u00e6rlighet og oppmerksomhet. I en setting med snille mennesker hadde jeg en vakker opplevelse som jeg vil b\u00e6re med meg i lang tid. Jeg f\u00f8lte meg trygg og st\u00f8ttet fra det \u00f8yeblikket jeg kom inn til stengingen. Musikken var helt skreddersydd for det som var n\u00f8dvendig i det \u00f8yeblikket, den tok meg med p\u00e5 en indre reise. En reise hvor jeg har f\u00e5tt mange innsikter, og som vil fortsette \u00e5 flyte i n\u00e6r fremtid\u201d<\/p>\n\n\n\n<p class=\"has-text-align-center has-secondary-color has-text-color has-link-color wp-elements-347f533cda9e2f9361c8fa143f31b500\" style=\"margin-right:var(--wp--preset--spacing--x-large);margin-left:var(--wp--preset--spacing--x-large)\">\u201cDet var et warmt bad i g\u00e5r. Du gj\u00f8r det s\u00e5 vakkert, med omsorg of dedikasjon. Jeg var veldig komfortabel og trygg.\u201d&nbsp;<\/p>\n\n\n\n<p class=\"has-text-align-center has-secondary-color has-text-color has-link-color wp-elements-cb81c4252e01315a55eae3aaff71659a\">\u201cIntensiv og avslappet p\u00e5 samme tid. En helt spesiell opplevelse.\u201d &nbsp;<\/p>\n\n\n\n<p class=\"has-text-align-center has-secondary-color has-text-color has-link-color wp-elements-e2fd43ea733e1362b067fd6d3179ab11\" style=\"margin-right:var(--wp--preset--spacing--x-large);margin-left:var(--wp--preset--spacing--x-large)\">\u201cHadde en fantastisk kj\u00e6rlig sesjon med Susanne i g\u00e5r. Wow! For en vakker opplevelse, flytende energi, kj\u00e6rlig ber\u00f8ring, vakker musikk, t\u00e5rer, forl\u00f8sende spenning. Anbefales p\u00e5 det sterkeste \u00e5 oppleve dette.\u201d<\/p>\n<\/div><\/div>\n\n\n\n<p><\/p>\n\n\n\n<h2 class=\"wp-block-heading has-text-align-center has-secondary-color has-text-color has-link-color has-large-font-size wp-elements-2c0cd9a0c29015a0bd8eee1542de96a2\"><strong>Sesjon i bilder<\/strong><\/h2>\n\n\n<style type=\"text\/css\" scoped>.rbs_gallery_69e3edd446d40Spinner{\r\n\t\t\t\tmargin: 50px auto;\r\n\t\t\t\twidth: 50px;\r\n\t\t\t\theight: 40px;\r\n\t\t\t\ttext-align: center;\r\n\t\t\t\tfont-size: 10px;\r\n\t\t\t}\r\n\t\t\t.rbs_gallery_69e3edd446d40Spinner > div{\r\n\t\t\t  background-color: #333;\r\n\t\t\t  height: 100%;\r\n\t\t\t  width: 6px;\r\n\t\t\t  display: inline-block;\r\n\t\t\t  -webkit-animation: rbs_gallery_69e3edd446d40-stretchdelay 1.2s infinite ease-in-out;\r\n\t\t\t  animation: rbs_gallery_69e3edd446d40-stretchdelay 1.2s infinite ease-in-out;\r\n\t\t\t}\r\n\t\t\t.rbs_gallery_69e3edd446d40Spinner .rbs_gallery_69e3edd446d40Rect2 {\r\n\t\t\t  -webkit-animation-delay: -1.1s;\r\n\t\t\t  animation-delay: -1.1s;\r\n\t\t\t}\r\n\t\t\t.rbs_gallery_69e3edd446d40Spinner .rbs_gallery_69e3edd446d40Rect3 {\r\n\t\t\t  -webkit-animation-delay: -1.0s;\r\n\t\t\t  animation-delay: -1.0s;\r\n\t\t\t}\r\n\t\t\t.rbs_gallery_69e3edd446d40Spinner .rbs_gallery_69e3edd446d40Rect4 {\r\n\t\t\t  -webkit-animation-delay: -0.9s;\r\n\t\t\t  animation-delay: -0.9s;\r\n\t\t\t}\r\n\t\t\t.rbs_gallery_69e3edd446d40Spinner .rbs_gallery_69e3edd446d40Rect5 {\r\n\t\t\t  -webkit-animation-delay: -0.8s;\r\n\t\t\t  animation-delay: -0.8s;\r\n\t\t\t}\r\n\t\t\t@-webkit-keyframes rbs_gallery_69e3edd446d40-stretchdelay {\r\n\t\t\t  0%, 40%, 100% { -webkit-transform: scaleY(0.4) }  \r\n\t\t\t  20% { -webkit-transform: scaleY(1.0) }\r\n\t\t\t}\r\n\t\t\t@keyframes rbs_gallery_69e3edd446d40-stretchdelay {\r\n\t\t\t  0%, 40%, 100% { \r\n\t\t\t    transform: scaleY(0.4);\r\n\t\t\t    -webkit-transform: scaleY(0.4);\r\n\t\t\t  }  20% { \r\n\t\t\t    transform: scaleY(1.0);\r\n\t\t\t    -webkit-transform: scaleY(1.0);\r\n\t\t\t  }\r\n\t\t\t}\r\n\t\t<\/style><div class=\"robo-gallery-wrap robo-gallery-wrap-id93 robo-gallery-grid\" ><div id=\"rbs_gallery_69e3edd446d40-block-loader\" class=\"rbs_gallery_69e3edd446d40Spinner\"><div class=\"rbs_gallery_69e3edd446d40Rect1\"><\/div> <div class=\"rbs_gallery_69e3edd446d40Rect2\"><\/div> <div class=\"rbs_gallery_69e3edd446d40Rect3\"><\/div> <div class=\"rbs_gallery_69e3edd446d40Rect4\"><\/div> <div class=\"rbs_gallery_69e3edd446d40Rect5\"><\/div><\/div><div id=\"robo_gallery_main_block_rbs_gallery_69e3edd446d40\" class=\"robogallery-gallery-93\" style=\"width:100%;  display: none;\"><div id=\"rbs_gallery_69e3edd446d40\" data-options=\"rbs_gallery_69e3edd446d40\" style=\"width:100%;\" class=\"robo_gallery  \"><div class=\"rbs-img  category93 \" ><div class=\"rbs-img-image   rbs-lightbox \" ><div class=\"rbs-img-thumbs\"  data-thumbnail=\"https:\/\/www.innerdance.no\/wp-content\/uploads\/2025\/03\/62A0841-scaled-1-684x1024.jpg\"  title=\"62A0841-scaled-1\"  data-width=\"684\"  data-height=\"1024\" ><\/div><div class=\"rbs-img-data-popup\"  data-popup=\"https:\/\/www.innerdance.no\/wp-content\/uploads\/2025\/03\/62A0841-scaled-1.jpg\"  title=\"62A0841-scaled-1\" ><\/div><div class=\"thumbnail-overlay\"><div class=\"rbsTitle \">62A0841-scaled-1<\/div><div class=\"rbsIcons\"><i class=\"fa fa-search-plus rbsZoomIcon \" ><\/i><\/div><\/div><\/div><\/div><div class=\"rbs-img  category93 \" ><div class=\"rbs-img-image   rbs-lightbox \" ><div class=\"rbs-img-thumbs\"  data-thumbnail=\"https:\/\/www.innerdance.no\/wp-content\/uploads\/2025\/03\/62A0828-scaled-1-601x1024.jpg\"  title=\"62A0828-scaled-1\"  data-width=\"601\"  data-height=\"1024\" ><\/div><div class=\"rbs-img-data-popup\"  data-popup=\"https:\/\/www.innerdance.no\/wp-content\/uploads\/2025\/03\/62A0828-scaled-1.jpg\"  title=\"62A0828-scaled-1\" ><\/div><div class=\"thumbnail-overlay\"><div class=\"rbsTitle \">62A0828-scaled-1<\/div><div class=\"rbsIcons\"><i class=\"fa fa-search-plus rbsZoomIcon \" ><\/i><\/div><\/div><\/div><\/div><div class=\"rbs-img  category93 \" ><div class=\"rbs-img-image   rbs-lightbox \" ><div class=\"rbs-img-thumbs\"  data-thumbnail=\"https:\/\/www.innerdance.no\/wp-content\/uploads\/2025\/03\/62A0880-scaled-1-1024x438.jpg\"  title=\"62A0880-scaled-1\"  data-width=\"950\"  data-height=\"406\" ><\/div><div class=\"rbs-img-data-popup\"  data-popup=\"https:\/\/www.innerdance.no\/wp-content\/uploads\/2025\/03\/62A0880-scaled-1.jpg\"  title=\"62A0880-scaled-1\" ><\/div><div class=\"thumbnail-overlay\"><div class=\"rbsTitle \">62A0880-scaled-1<\/div><div class=\"rbsIcons\"><i class=\"fa fa-search-plus rbsZoomIcon \" ><\/i><\/div><\/div><\/div><\/div><div class=\"rbs-img  category93 \" ><div class=\"rbs-img-image   rbs-lightbox \" ><div class=\"rbs-img-thumbs\"  data-thumbnail=\"https:\/\/www.innerdance.no\/wp-content\/uploads\/2025\/03\/62A1260-scaled-1-1-1024x472.jpg\"  title=\"62A1260-scaled-1\"  data-width=\"950\"  data-height=\"438\" ><\/div><div class=\"rbs-img-data-popup\"  data-popup=\"https:\/\/www.innerdance.no\/wp-content\/uploads\/2025\/03\/62A1260-scaled-1-1.jpg\"  title=\"62A1260-scaled-1\" ><\/div><div class=\"thumbnail-overlay\"><div class=\"rbsTitle \">62A1260-scaled-1<\/div><div class=\"rbsIcons\"><i class=\"fa fa-search-plus rbsZoomIcon \" ><\/i><\/div><\/div><\/div><\/div><div class=\"rbs-img  category93 \" ><div class=\"rbs-img-image   rbs-lightbox \" ><div class=\"rbs-img-thumbs\"  data-thumbnail=\"https:\/\/www.innerdance.no\/wp-content\/uploads\/2025\/03\/cropped-cropped-MG_3099-scaled-1-1024x614.jpg\"  title=\"cropped-cropped-MG_3099-scaled-1\"  data-width=\"950\"  data-height=\"570\" ><\/div><div class=\"rbs-img-data-popup\"  data-popup=\"https:\/\/www.innerdance.no\/wp-content\/uploads\/2025\/03\/cropped-cropped-MG_3099-scaled-1.jpg\"  title=\"cropped-cropped-MG_3099-scaled-1\" ><\/div><div class=\"thumbnail-overlay\"><div class=\"rbsTitle \">cropped-cropped-MG_3099-scaled-1<\/div><div class=\"rbsIcons\"><i class=\"fa fa-search-plus rbsZoomIcon \" ><\/i><\/div><\/div><\/div><\/div><div class=\"rbs-img  category93 \" ><div class=\"rbs-img-image   rbs-lightbox \" ><div class=\"rbs-img-thumbs\"  data-thumbnail=\"https:\/\/www.innerdance.no\/wp-content\/uploads\/2025\/03\/image-1024x467.jpeg\"  title=\"image\"  data-width=\"950\"  data-height=\"433\" ><\/div><div class=\"rbs-img-data-popup\"  data-popup=\"https:\/\/www.innerdance.no\/wp-content\/uploads\/2025\/03\/image.jpeg\"  title=\"image\" ><\/div><div class=\"thumbnail-overlay\"><div class=\"rbsTitle \">image<\/div><div class=\"rbsIcons\"><i class=\"fa fa-search-plus rbsZoomIcon \" ><\/i><\/div><\/div><\/div><\/div><div class=\"rbs-img  category93 \" ><div class=\"rbs-img-image   rbs-lightbox \" ><div class=\"rbs-img-thumbs\"  data-thumbnail=\"https:\/\/www.innerdance.no\/wp-content\/uploads\/2025\/03\/cropped-62A0858-scaled-1-1-1024x613.jpg\"  title=\"62A0858-scaled\"  data-width=\"950\"  data-height=\"569\" ><\/div><div class=\"rbs-img-data-popup\"  data-popup=\"https:\/\/www.innerdance.no\/wp-content\/uploads\/2025\/03\/cropped-62A0858-scaled-1-1.jpg\"  title=\"62A0858-scaled\" ><\/div><div class=\"thumbnail-overlay\"><div class=\"rbsTitle \">62A0858-scaled<\/div><div class=\"rbsIcons\"><i class=\"fa fa-search-plus rbsZoomIcon \" ><\/i><\/div><\/div><\/div><\/div><div class=\"rbs-img  category93 \" ><div class=\"rbs-img-image   rbs-lightbox \" ><div class=\"rbs-img-thumbs\"  data-thumbnail=\"https:\/\/www.innerdance.no\/wp-content\/uploads\/2025\/03\/62A1260-scaled-1-1024x472.jpg\"  title=\"62A1260-scaled-1\"  data-width=\"950\"  data-height=\"438\" ><\/div><div class=\"rbs-img-data-popup\"  data-popup=\"https:\/\/www.innerdance.no\/wp-content\/uploads\/2025\/03\/62A1260-scaled-1.jpg\"  title=\"62A1260-scaled-1\" ><\/div><div class=\"thumbnail-overlay\"><div class=\"rbsTitle \">62A1260-scaled-1<\/div><div class=\"rbsIcons\"><i class=\"fa fa-search-plus rbsZoomIcon \" ><\/i><\/div><\/div><\/div><\/div><div class=\"rbs-img  category93 \" ><div class=\"rbs-img-image   rbs-lightbox \" ><div class=\"rbs-img-thumbs\"  data-thumbnail=\"https:\/\/www.innerdance.no\/wp-content\/uploads\/2025\/03\/IMG_1204-1024x572.jpg\"  title=\"IMG_1204\"  data-width=\"950\"  data-height=\"531\" ><\/div><div class=\"rbs-img-data-popup\"  data-popup=\"https:\/\/www.innerdance.no\/wp-content\/uploads\/2025\/03\/IMG_1204-scaled.jpg\"  title=\"IMG_1204\" ><\/div><div class=\"thumbnail-overlay\"><div class=\"rbsTitle \">IMG_1204<\/div><div class=\"rbsIcons\"><i class=\"fa fa-search-plus rbsZoomIcon \" ><\/i><\/div><\/div><\/div><\/div><\/div><\/div><\/div><script>var rbs_gallery_69e3edd446d40 = {\"version\":\"5.1.4\",\"id\":93,\"class\":\"id93\",\"roboGalleryDelay\":1000,\"mainContainer\":\"#robo_gallery_main_block_rbs_gallery_69e3edd446d40\",\"loadingContainer\":\"#rbs_gallery_69e3edd446d40-block-loader\",\"loadingContainerObj\":\"rbs_gallery_69e3edd446d40-block-loader\",\"columnWidth\":\"auto\",\"columns\":3,\"resolutions\":[{\"columnWidth\":\"auto\",\"columns\":3,\"maxWidth\":960},{\"columnWidth\":\"auto\",\"columns\":2,\"maxWidth\":650},{\"columnWidth\":\"auto\",\"columns\":1,\"maxWidth\":450}],\"lightboxOptions\":{\"gallery\":{\"enabled\":true,\"tCounter\":\"%curr% of %total%\"}},\"overlayEffect\":\"direction-aware-fade\",\"boxesToLoadStart\":12,\"boxesToLoad\":8,\"waitUntilThumbLoads\":1,\"LoadingWord\":\"Loading...\",\"loadMoreWord\":\"Load More\",\"noMoreEntriesWord\":\"No More Entries\",\"horizontalSpaceBetweenBoxes\":15,\"verticalSpaceBetweenBoxes\":15,\"lazyLoad\":1,\"wrapContainer\":\"#robo-gallery-wrap-rbs_gallery_69e3edd446d40\"};<\/script>\n\n\n<p><\/p>\n","protected":false},"excerpt":{"rendered":"<p>Hvordan hadde verden din sett ut hvis du var i fullstendig kontakt med deg selv? Uten at du trenger \u00e5 v\u00e6re noe annet enn den du er, med en indre tilfredshet og ro i livet ditt. Vi har l\u00e6rt \u00e5 leve oppe i hodet v\u00e5rt, \u00e5 tilpasse oss etter omverdens forventninger og \u00e5 ikke kjenne &hellip; <\/p>\n<p class=\"link-more\"><a href=\"https:\/\/www.innerdance.no\/nl\/\" class=\"more-link\">Lees meer<span class=\"screen-reader-text\"> &laquo;Hovedside&raquo;<\/span><\/a><\/p>","protected":false},"author":1,"featured_media":0,"parent":0,"menu_order":0,"comment_status":"closed","ping_status":"closed","template":"page-templates\/homepage-builder-bb.php","meta":{"inspiro_hide_title":false,"footnotes":""},"class_list":["post-6","page","type-page","status-publish","hentry"],"jetpack_sharing_enabled":true,"_links":{"self":[{"href":"https:\/\/www.innerdance.no\/nl\/wp-json\/wp\/v2\/pages\/6","targetHints":{"allow":["GET"]}}],"collection":[{"href":"https:\/\/www.innerdance.no\/nl\/wp-json\/wp\/v2\/pages"}],"about":[{"href":"https:\/\/www.innerdance.no\/nl\/wp-json\/wp\/v2\/types\/page"}],"author":[{"embeddable":true,"href":"https:\/\/www.innerdance.no\/nl\/wp-json\/wp\/v2\/users\/1"}],"replies":[{"embeddable":true,"href":"https:\/\/www.innerdance.no\/nl\/wp-json\/wp\/v2\/comments?post=6"}],"version-history":[{"count":91,"href":"https:\/\/www.innerdance.no\/nl\/wp-json\/wp\/v2\/pages\/6\/revisions"}],"predecessor-version":[{"id":1059,"href":"https:\/\/www.innerdance.no\/nl\/wp-json\/wp\/v2\/pages\/6\/revisions\/1059"}],"wp:attachment":[{"href":"https:\/\/www.innerdance.no\/nl\/wp-json\/wp\/v2\/media?parent=6"}],"curies":[{"name":"wp","href":"https:\/\/api.w.org\/{rel}","templated":true}]}}